{"id":16,"date":"2021-01-23T11:21:55","date_gmt":"2021-01-23T11:21:55","guid":{"rendered":"https:\/\/media-loop.com\/Hun-Loops\/home\/"},"modified":"2022-08-21T12:50:15","modified_gmt":"2022-08-21T02:50:15","slug":"home","status":"publish","type":"page","link":"https:\/\/media-loop.com\/Hun-Loops\/","title":{"rendered":"Home"},"content":{"rendered":"\r\n<p>&nbsp;<\/p>\r\n\r\n\r\n\r\n\r\n\r\n\r\n\r\n\r\n\r\n\r\n\r\n\r\n<center><span style=\"font-weight: normal;\">LEARN HUNGARIAN DIFFERENTLY<\/span><\/center>\r\n\r\n\r\n\r\n\r\n\r\n\r\n<ol>\r\n<li style=\"list-style-type: none;\">\r\n<ul>\r\n<li style=\"text-align: center;\">DO NOT DESPAIR OR PANIC !!!!<\/li>\r\n<li style=\"text-align: center;\">Relax and enjoy your HUNGARIAN.<\/li>\r\n<li style=\"text-align: center;\">When you are stuck on a HUNGARIAN WORD or EXPRESSION please make use of <a href=\"https:\/\/translate.google.com.au\/?hl=en&amp;tab=rT\">GOOGLE<\/a><a href=\"https:\/\/translate.google.com.au\/?hl=en&amp;tab=rT\"> TRANSLATE.<\/a><\/li>\r\n<li style=\"text-align: center;\">********<\/li>\r\n<li style=\"text-align: center;\"><span style=\"font-size: 16px; font-family: 'Arial', Textile, cursive, sans-serif; background-color: #f2f2f2; color: #366092;\"><strong>&#8220;LANGUAGE IS THE BIRTHING MOTHER OF THE CULTURE.&#8221;<\/strong><\/span><\/li>\r\n<li style=\"text-align: center;\"><span style=\"font-size: 16px; font-family: 'Arial', Textile, cursive, sans-serif; background-color: #f2f2f2; color: #366092;\"><strong>&#8220;AS LANGUAGE EVOLVES, CULTURE EVOLVES.&#8221;<\/strong><\/span><\/li>\r\n<li style=\"text-align: center;\"><span style=\"font-size: 16px; font-family: 'Arial', Textile, cursive, sans-serif; background-color: #f2f2f2; color: #366092;\"><strong>&#8220;THE VOCAL OUTBURSTS OF A MONKEY CONSTITUTE ITS TYPE OF LANGUAGE.&#8221;<\/strong><\/span><span style=\"font-size: 22px;\">\u00a0 \u00a0 \u00a0<\/span><\/li>\r\n<li style=\"text-align: center;\">******************<\/li>\r\n<li style=\"text-align: center;\"><span style=\"font-size: 22px;\"> \u00a0\u00a0 <span style=\"color: #000000;\">Hungarian as a language and a culture needs to be approached and understood with a <strong><span style=\"color: #ff0000;\">UNIQUE\u00a0 &#8220;mindful&#8221; mindset<\/span><\/strong>.<\/span>\u00a0<\/span><\/li>\r\n<\/ul>\r\n<\/li>\r\n<\/ol>\r\n<ol>\r\n<li style=\"list-style-type: none;\">\r\n<ul>\r\n<li style=\"text-align: center;\"><hr \/><hr \/><span style=\"font-size: 16px; background-color: transparent; font-family: 'Arial', Textile, cursive, sans-serif;\">Traditional classroom learning is a useful exercise but it doesn&#8217;t allow you to acquire Hungarian in a &#8220;mindful&#8221;, analytical manner :<\/span><\/li>\r\n<li style=\"text-align: center;\"><span style=\"font-size: 16px; background-color: transparent; font-family: 'Arial', Textile, cursive, sans-serif;\">METHODICALLY AND SYSTEMATICALLY, NOT LEAVING A SINGLE STONE UNDISTURBED.<\/span><\/li>\r\n<li style=\"text-align: center;\"><hr \/><hr \/><\/li>\r\n<li style=\"text-align: center;\"><span style=\"font-size: 16px; background-color: transparent; font-family: 'Arial', Textile, cursive, sans-serif;\">If you don&#8217;t already enjoy an inquisitive mind, then the study of Hungarian HERE will most certainly reward you with a liberating, emancipating and empowering self-confidence, which is ALWAYS ready to question the questionable.<\/span><\/li>\r\n<\/ul>\r\n<\/li>\r\n<\/ol>\r\n<h5>\u00a0<\/h5>\r\n\r\n\r\n\r\n\r\n\r\n\r\n\r\n<p style=\"text-align: center;\">\u00a0<\/p>\r\n\r\n\r\n\r\n<h6 style=\"text-align: center;\"><img loading=\"lazy\" decoding=\"async\" class=\"alignnone size-medium wp-image-177\" src=\"https:\/\/media-loop.com\/Hun-Loops\/wp-content\/uploads\/2021\/01\/budapest-Heros-Square-300x188.jpg\" alt=\"\" width=\"300\" height=\"188\" srcset=\"https:\/\/media-loop.com\/Hun-Loops\/wp-content\/uploads\/2021\/01\/budapest-Heros-Square-300x188.jpg 300w, https:\/\/media-loop.com\/Hun-Loops\/wp-content\/uploads\/2021\/01\/budapest-Heros-Square-1024x642.jpg 1024w, https:\/\/media-loop.com\/Hun-Loops\/wp-content\/uploads\/2021\/01\/budapest-Heros-Square-768x482.jpg 768w, https:\/\/media-loop.com\/Hun-Loops\/wp-content\/uploads\/2021\/01\/budapest-Heros-Square-1536x963.jpg 1536w, https:\/\/media-loop.com\/Hun-Loops\/wp-content\/uploads\/2021\/01\/budapest-Heros-Square.jpg 1920w\" sizes=\"auto, (max-width: 300px) 100vw, 300px\" \/><img loading=\"lazy\" decoding=\"async\" class=\"alignnone size-medium wp-image-176\" src=\"https:\/\/media-loop.com\/Hun-Loops\/wp-content\/uploads\/2021\/01\/budapest-parliament-building-e1660703692210-300x203.jpg\" alt=\"\" width=\"300\" height=\"203\" srcset=\"https:\/\/media-loop.com\/Hun-Loops\/wp-content\/uploads\/2021\/01\/budapest-parliament-building-e1660703692210-300x203.jpg 300w, https:\/\/media-loop.com\/Hun-Loops\/wp-content\/uploads\/2021\/01\/budapest-parliament-building-e1660703692210.jpg 684w\" sizes=\"auto, (max-width: 300px) 100vw, 300px\" \/><\/h6>\r\n\r\n\r\n\r\n<p style=\"text-align: center;\">\u00a0<\/p>\r\n<p style=\"text-align: center;\">\u00a0<\/p>\r\n<p style=\"font-family: Arial; font-weight: 500; font-size: 14px; line-height: 1.8; text-align: center; color: #5d5d5d;\">H\u0151s\u00f6k Tere and the Hungarian Parliament House on the banks of the Danube river.<\/p>\r\n<p style=\"font-family: roboto; font-weight: 500; font-size: 14px; line-height: 1.8; text-align: center; color: #5d5d5d;\"><strong><span style=\"color: #ff0000;\">ORSZ\u00c1GH\u00c1Z<\/span><\/strong><\/p>\r\n\r\n\r\n\r\n\r\n\r\n\r\n\r\n\r\n\r\n<p style=\"text-align: center;\">Thousands of Viewers<\/p>\r\n\r\n\r\n\r\n\r\n\r\n\r\n\r\n<p style=\"text-align: center;\">Wecome to Write a Comment<\/p>\r\n\r\n\r\n\r\n\r\n\r\n\r\n\r\n\r\n\r\n<p style=\"text-align: center;\">&#8230;&#8230;..<span style=\"color: #0000ff;\">if you want to blog.<\/span>&#8230;&#8230;..<\/p>\r\n\r\n\r\n\r\n\r\n\r\n<p style=\"text-align: center;\"><span style=\"color: #ff0000;\"><strong><span style=\"font-size: 20px; font-family: 'Comic Sans MS', Textile, cursive, sans-serif;\"><span style=\"font-size: 24px;\">PLEASE REGISTER<\/span>\u00a0<\/span><\/strong><\/span><\/p>\r\n<p style=\"text-align: center;\"><span style=\"color: #ff0000;\"><strong><span style=\"font-size: 20px; font-family: 'Arial', Textile, cursive, sans-serif;\">TO COMMENT<\/span><\/strong><\/span><\/p>\r\n<p>&nbsp;<\/p>\r\n\r\n\r\n\r\n<p style=\"text-align: center;\">\u00a0<\/p>\r\n\r\n\r\n\r\n\r\n\r\n<p style=\"text-align: left;\"><span style=\"color: #333333;\">WHY DO YOU THINK\u00a0 this a good picture?<\/span><\/p>\r\n\r\n\r\n\r\n\r\n\r\n<p style=\"font-family: roboto; font-weight: 500; font-size: 14px; line-height: 1.8; text-align: center; color: #5d5d5d;\"><span style=\"color: #333333;\"><strong>The Great\u00a0 Hungarian Plain &#8211; The Great Lowland ( NAGYALF\u00d6LD) for a long time had been an inspiration for Hollywood USA itself.<\/strong><\/span><\/p>\r\n<p><span style=\"color: #333333;\">\r\n\r\n<\/span><\/p>\r\n<h3 style=\"text-align: center;\"><span style=\"color: #333333;\">Hortob\u00e1gy M\u00e9nes<\/span><\/h3>\r\n\r\n\r\n\r\n\r\n\r\n\r\n\r\n\r\n\r\n<p>2188 views<\/p>\r\n\r\n\r\n\r\n\r\n\r\n\r\n\r\n<p style=\"text-align: center;\"><strong>Write a comment<\/strong><\/p>\r\n\r\n\r\n\r\n\r\n\r\n\r\n\r\n\r\n\r\n\r\n\r\n<p style=\"text-align: center;\">lifestyle<\/p>\r\n\r\n\r\n\r\n<p style=\"text-align: center;\">working from home<\/p>\r\n\r\n\r\n\r\n\r\n\r\n\r\n\r\n<p style=\"font-family: Arial; font-weight: 500; font-size: 14px; line-height: 1.8; text-align: center; color: #5d5d5d;\">&#8220;Please little swallow, come and nest at our place&#8230;&#8230;&#8230;&#8230;.&#8221;<\/p>\r\n\r\n\r\n\r\n\r\n\r\n\r\n\r\n\r\n\r\n<p>2226 views<\/p>\r\n\r\n\r\n\r\n\r\n\r\n\r\n\r\n<p style=\"text-align: center;\">Write a comment<\/p>\r\n\r\n\r\n\r\n\r\n\r\n\r\n\r\n\r\n\r\n<p style=\"text-align: center;\">travel<\/p>\r\n\r\n\r\n\r\n<p style=\"text-align: center;\"><span style=\"color: #0000ff;\"><strong>The places I love<\/strong><\/span><\/p>\r\n\r\n\r\n\r\n\r\n\r\n\r\n\r\n<p style=\"font-family: Arial; font-weight: 500; font-size: 14px; line-height: 1.8; text-align: center; color: #5d5d5d;\">The town of <span style=\"color: #0000ff;\">Debrecen<\/span>, also called the <span style=\"color: #0000ff;\">Calvinist Rome<\/span>.<\/p>\r\n<p style=\"font-family: roboto; font-weight: 500; font-size: 14px; line-height: 1.8; text-align: center; color: #5d5d5d;\"><strong><span style=\"color: #ff0000;\">Nagytemplom<\/span><\/strong>.\u00a0<\/p>\r\n\r\n\r\n\r\n\r\n\r\n\r\n\r\n\r\n\r\n<p>3642 views<\/p>\r\n\r\n\r\n\r\n\r\n\r\n\r\n\r\n<p style=\"text-align: center;\">Write a comment<\/p>\r\n\r\n\r\n\r\n\r\n\r\n\r\n\r\n\r\n\r\n\r\n\r\n\r\n\r\n\r\n\r\n<p style=\"text-align: center;\">about me<\/p>\r\n\r\n\r\n\r\n\r\n\r\n<p style=\"font-family: Arial; font-weight: 500; font-size: 14px; line-height: 1.8; text-align: center; color: #5d5d5d;\"><img decoding=\"async\" style=\"background-color: transparent; color: #313439; font-family: Roboto, 'Open Sans', Arial, Helvetica, sans-serif; font-size: 12px;\" src=\"https:\/\/media-loop.com\/Hun-Loops\/wp-content\/uploads\/2021\/01\/k-l-t-egyetem-debrecen.jpg\" alt=\"\" \/>You may be able to see my first footprints at Kossuth Lajos University Debrecen<\/p>\r\n\r\n\r\n\r\n\r\n\r\n\r\n\r\n<p>Ady Endre, &#8220;A mi im\u00e1nk: mindig csak el\u0151re&#8230;&#8221;<\/p>\r\n\r\n\r\n\r\n<p style=\"font-family: roboto; font-weight: 500; font-size: 14px; line-height: 2; text-align: left; color: #5d5d5d;\"><img decoding=\"async\" style=\"background-color: transparent; color: #313439; font-family: Roboto, 'Open Sans', Arial, Helvetica, sans-serif; font-size: 12px;\" src=\"https:\/\/media-loop.com\/Hun-Loops\/wp-content\/uploads\/2021\/01\/ady-halotti-maszk.jpg\" \/>\u00a0<\/p>\r\n\r\n\r\n\r\n<p style=\"text-align: center; font-size: 14px; line-height: 2;\"><span style=\"color: #000000; font-family: 'Arial Black', Gadget, sans-serif;\"><strong>&#8220;G\u00f3g \u00e9s Mag\u00f3g fia vagyok \u00c9N &#8230;.&#8221; heralded the Hungarian poet ADY Endre.<\/strong><\/span><\/p>\r\n\r\n<p>&nbsp;<\/p>","protected":false},"excerpt":{"rendered":"<p>&nbsp; &nbsp;<\/p>\n","protected":false},"author":1,"featured_media":0,"parent":0,"menu_order":0,"comment_status":"closed","ping_status":"closed","template":"","meta":{"pagelayer_contact_templates":[],"_pagelayer_content":"","footnotes":""},"class_list":["post-16","page","type-page","status-publish","hentry"],"_links":{"self":[{"href":"https:\/\/media-loop.com\/Hun-Loops\/index.php?rest_route=\/wp\/v2\/pages\/16","targetHints":{"allow":["GET"]}}],"collection":[{"href":"https:\/\/media-loop.com\/Hun-Loops\/index.php?rest_route=\/wp\/v2\/pages"}],"about":[{"href":"https:\/\/media-loop.com\/Hun-Loops\/index.php?rest_route=\/wp\/v2\/types\/page"}],"author":[{"embeddable":true,"href":"https:\/\/media-loop.com\/Hun-Loops\/index.php?rest_route=\/wp\/v2\/users\/1"}],"replies":[{"embeddable":true,"href":"https:\/\/media-loop.com\/Hun-Loops\/index.php?rest_route=%2Fwp%2Fv2%2Fcomments&post=16"}],"version-history":[{"count":98,"href":"https:\/\/media-loop.com\/Hun-Loops\/index.php?rest_route=\/wp\/v2\/pages\/16\/revisions"}],"predecessor-version":[{"id":893,"href":"https:\/\/media-loop.com\/Hun-Loops\/index.php?rest_route=\/wp\/v2\/pages\/16\/revisions\/893"}],"wp:attachment":[{"href":"https:\/\/media-loop.com\/Hun-Loops\/index.php?rest_route=%2Fwp%2Fv2%2Fmedia&parent=16"}],"curies":[{"name":"wp","href":"https:\/\/api.w.org\/{rel}","templated":true}]}}